{"id":2303,"date":"2017-11-11T21:34:57","date_gmt":"2017-11-11T21:34:57","guid":{"rendered":"https:\/\/orients-occidents-nexus.com\/?page_id=2303"},"modified":"2018-04-18T09:55:54","modified_gmt":"2018-04-18T09:55:54","slug":"support-us","status":"publish","type":"page","link":"https:\/\/orients-occidents-nexus.com\/fr\/support-us\/","title":{"rendered":"Nous-soutenir"},"content":{"rendered":"<div class=\"mp-row-fluid motopress-row mpce-dsbl-margin-left mpce-dsbl-margin-right\">\n<div class=\"motopress-clmn mp-span12  mpce-dsbl-margin-left mpce-dsbl-margin-right\">\n<div class=\"mp-row-fluid motopress-row mpce-dsbl-margin-left mpce-dsbl-margin-right\">\n<div class=\"motopress-clmn mp-span12 mpce-dsbl-margin-left mpce-dsbl-margin-right\">\n<div class=\"motopress-text-obj\">\n<h2>Nous-soutenir<\/h2>\n<\/div>\n<\/div>\n<\/div>\n<div class=\"mp-row-fluid motopress-row mpce-dsbl-margin-left mpce-dsbl-margin-right\">\n<div class=\"motopress-clmn mp-span12 mpce-dsbl-margin-left mpce-dsbl-margin-right\">\n<div class=\"motopress-text-obj\">\n<p>En tant qu&rsquo;Institut culturel &agrave; but non lucratif ind&eacute;pendant, <em>Orients Occidents Nexus<\/em> s&rsquo;appuie sur diff&eacute;rentes sources de financement et il y a plusieurs fa&ccedil;on de nous soutenir, que vous pouvez choisir, afin de nous aider &agrave; assurer la r&eacute;alisation de notre programme et la continuit&eacute; de notre mission de favoriser un dialogue s&eacute;rieux entre les cultures et promouvoir la compr&eacute;hension mutuelle en vue d&rsquo;un meilleur vivre ensemble.<\/p>\n<p><em>Pour plus d&rsquo;information&nbsp;<\/em><em>n&rsquo;h&eacute;sitez pas &agrave; nous contacter:<\/em><\/p>\n<p><strong><em>Orients Occidents Nexus gUG<\/em><\/strong><\/p>\n<address>GLS Bank- IBAN: DE42 4306 0967 1218 6551 00<\/address>\n<address>BIC: GENODEM1GLS<\/address>\n<p>Tel: +49 (0) 30 679 455 36 \/ +49 (0) 30 640 785 23<\/p>\n<p>E-mail: <a href=\"mailto:info@orients-occidents-nexus.com\">info@orients-occidents-nexus.com<\/a><\/p>\n<\/div>\n<\/div>\n<\/div>\n<\/div>\n<\/div>\n<div class=\"mp-row-fluid motopress-row mpce-dsbl-margin-left mpce-dsbl-margin-right\">\n<div class=\"motopress-clmn mp-span6  mpce-dsbl-margin-left mpce-dsbl-margin-right\">\n<div class=\"mp-row-fluid motopress-row mpce-dsbl-margin-left mpce-dsbl-margin-right\">\n<div class=\"motopress-clmn mp-span12 mpce-dsbl-margin-left mpce-dsbl-margin-right\">\n<div class=\"motopress-image-obj motopress-text-align-left\"><img src=\"https:\/\/orients-occidents-nexus.com\/wp-content\/uploads\/2017\/11\/photo_corporate_web.png\" title=\"photo_corporate_web\" alt=\"Corporate\" class=\"motopress-image-obj-basic mpce-dsbl-margin-left mpce-dsbl-margin-right mpce-dsbl-margin-top mpce-dsbl-margin-bottom\" \/><\/div>\n<\/div>\n<\/div>\n<div class=\"mp-row-fluid motopress-row mpce-dsbl-margin-left mpce-dsbl-margin-right\">\n<div class=\"motopress-clmn mp-span12 mpce-dsbl-margin-left mpce-dsbl-margin-right\">\n<div class=\"motopress-text-obj\">\n<p>En tant que <strong>Sponsor corporatif<\/strong>: Le soutien corporatif nous aide \u00e0 remplir notre mission en finan\u00e7ant le budget de fonctionnement, les \u00e9v\u00e9nements, les publications et nous accueillons vivement un dialogue sur la fa\u00e7on de cr\u00e9er un parrainage adapt\u00e9 aux priorit\u00e9s marketing de votre entreprise.<\/p>\n<p>Travaillons ensemble, la main dans la main !<\/p>\n<\/div>\n<\/div>\n<\/div>\n<\/div>\n<div class=\"motopress-clmn mp-span6  mpce-dsbl-margin-left mpce-dsbl-margin-right\">\n<div class=\"mp-row-fluid motopress-row mpce-dsbl-margin-left mpce-dsbl-margin-right\">\n<div class=\"motopress-clmn mp-span12 mpce-dsbl-margin-left mpce-dsbl-margin-right\">\n<div class=\"motopress-image-obj motopress-text-align-left\"><img src=\"https:\/\/orients-occidents-nexus.com\/wp-content\/uploads\/2017\/11\/Photo_Patron_web.png\" title=\"Photo_Patron_web\" alt=\"Patron\" class=\"motopress-image-obj-basic mpce-dsbl-margin-left mpce-dsbl-margin-right mpce-dsbl-margin-top mpce-dsbl-margin-bottom\" \/><\/div>\n<\/div>\n<\/div>\n<div class=\"mp-row-fluid motopress-row mpce-dsbl-margin-left mpce-dsbl-margin-right\">\n<div class=\"motopress-clmn mp-span12 mpce-dsbl-margin-left mpce-dsbl-margin-right\">\n<div class=\"motopress-text-obj\">\n<p>En tant que M<strong>\u00e9c\u00e8ne<\/strong> : Notre plan ambitieux ne peut \u00eatre r\u00e9alis\u00e9 qu&rsquo;avec le soutien de personnes g\u00e9n\u00e9reuses qui partagent notre vision d&rsquo;un futur o\u00f9 les cultures coexistent dans des relations fructueuses, se connaissant mutuellement et se reconnaissant dans la perception l\u2019un de l&rsquo;autre.<\/p>\n<p>Nous esp\u00e9rons que vous envisagerez de nous rejoindre !<\/p>\n<\/div>\n<\/div>\n<\/div>\n<\/div>\n<\/div>\n<div class=\"mp-row-fluid motopress-row mpce-dsbl-margin-left mpce-dsbl-margin-right\">\n<div class=\"motopress-clmn mp-span6  mpce-dsbl-margin-left mpce-dsbl-margin-right\">\n<div class=\"mp-row-fluid motopress-row mpce-dsbl-margin-left mpce-dsbl-margin-right\">\n<div class=\"motopress-clmn mp-span12 mpce-dsbl-margin-left mpce-dsbl-margin-right\">\n<div class=\"motopress-image-obj motopress-text-align-left\"><img src=\"https:\/\/orients-occidents-nexus.com\/wp-content\/uploads\/2017\/11\/Photo_Supporter_web.png\" title=\"Photo_Supporter_web\" alt=\"Supporter\" class=\"motopress-image-obj-basic mpce-dsbl-margin-left mpce-dsbl-margin-right mpce-dsbl-margin-top mpce-dsbl-margin-bottom\" \/><\/div>\n<\/div>\n<\/div>\n<div class=\"mp-row-fluid motopress-row mpce-dsbl-margin-left mpce-dsbl-margin-right\">\n<div class=\"motopress-clmn mp-span12 mpce-dsbl-margin-left mpce-dsbl-margin-right\">\n<div class=\"motopress-text-obj\">\n<p>En tant que <strong>Supporter<\/strong>: Quel que soit\u00a0le montant de votre contribution, c&rsquo;est avec l&rsquo;engagement de tous et l&rsquo;union des efforts que nous pouvons construire un vivre ensemble r\u00e9ussi.<\/p>\n<p><span style=\"text-decoration: underline;\">Crowdfunding platform<\/span><\/p>\n<\/div>\n<\/div>\n<\/div>\n<\/div>\n<div class=\"motopress-clmn mp-span6  mpce-dsbl-margin-left mpce-dsbl-margin-right\">\n<div class=\"mp-row-fluid motopress-row mpce-dsbl-margin-left mpce-dsbl-margin-right\">\n<div class=\"motopress-clmn mp-span12 mpce-dsbl-margin-left mpce-dsbl-margin-right\">\n<div class=\"motopress-image-obj motopress-text-align-left\"><img src=\"https:\/\/orients-occidents-nexus.com\/wp-content\/uploads\/2017\/11\/Photo_volunteer1_web.png\" title=\"Photo_volunteer1_web\" alt=\"Volunteer\" class=\"motopress-image-obj-basic mpce-dsbl-margin-left mpce-dsbl-margin-right mpce-dsbl-margin-top mpce-dsbl-margin-bottom\" \/><\/div>\n<\/div>\n<\/div>\n<div class=\"mp-row-fluid motopress-row mpce-dsbl-margin-left mpce-dsbl-margin-right\">\n<div class=\"motopress-clmn mp-span12 mpce-dsbl-margin-left mpce-dsbl-margin-right\">\n<div class=\"motopress-text-obj\">\n<p>En tant que <strong>B\u00e9n\u00e9vole<\/strong>: Les b\u00e9n\u00e9voles contribuent au travail de Orients Occidents Nexus de diff\u00e9rentes fa\u00e7ons. Si vous \u00eates int\u00e9ress\u00e9 \u00e0 devenir un de nos b\u00e9n\u00e9voles, n&rsquo;h\u00e9sitez pas \u00e0 nous contacter.<\/p>\n<p><a href=\"https:\/\/orients-occidents-nexus.com\/wp-content\/uploads\/2017\/12\/Volunteers_Policy.pdf\" target=\"_blank\" rel=\"noopener\"><span style=\"text-decoration: underline;\"><em>Policy on Volunteering<\/em><\/span><\/a><\/p>\n<\/div>\n<\/div>\n<\/div>\n<\/div>\n<\/div>\n","protected":false},"excerpt":{"rendered":"Nous-soutenir En tant qu&rsquo;Institut culturel &agrave; but non lucratif ind&eacute;pendant, Orients Occidents Nexus s&rsquo;appuie sur diff&eacute;rentes sources de financement et il y a plusieurs fa&ccedil;on de nous soutenir, que vous pouvez choisir, afin de nous aider &agrave; assurer la r&eacute;alisation de notre programme et la continuit&eacute; de notre mission de favoriser un dialogue s&eacute;rieux entre [&hellip;]","protected":false},"author":1,"featured_media":0,"parent":0,"menu_order":6,"comment_status":"closed","ping_status":"closed","template":"","meta":[],"yoast_head":"<!-- This site is optimized with the Yoast SEO plugin v20.0 - https:\/\/yoast.com\/wordpress\/plugins\/seo\/ -->\n<title>Nous-soutenir - Orients Occidents Nexus<\/title>\n<meta name=\"robots\" content=\"index, follow, max-snippet:-1, max-image-preview:large, max-video-preview:-1\" \/>\n<link rel=\"canonical\" href=\"https:\/\/orients-occidents-nexus.com\/fr\/support-us\/\" \/>\n<meta property=\"og:locale\" content=\"fr_FR\" \/>\n<meta property=\"og:type\" content=\"article\" \/>\n<meta property=\"og:title\" content=\"Nous-soutenir - Orients Occidents Nexus\" \/>\n<meta property=\"og:description\" content=\"Nous-soutenir En tant qu&rsquo;Institut culturel &agrave; but non lucratif ind&eacute;pendant, Orients Occidents Nexus s&rsquo;appuie sur diff&eacute;rentes sources de financement et il y a plusieurs fa&ccedil;on de nous soutenir, que vous pouvez choisir, afin de nous aider &agrave; assurer la r&eacute;alisation de notre programme et la continuit&eacute; de notre mission de favoriser un dialogue s&eacute;rieux entre [&hellip;]\" \/>\n<meta property=\"og:url\" content=\"https:\/\/orients-occidents-nexus.com\/fr\/support-us\/\" \/>\n<meta property=\"og:site_name\" content=\"Orients Occidents Nexus\" \/>\n<meta property=\"article:modified_time\" content=\"2018-04-18T09:55:54+00:00\" \/>\n<meta property=\"og:image\" content=\"https:\/\/orients-occidents-nexus.com\/wp-content\/uploads\/2017\/11\/photo_corporate_web.png\" \/>\n<meta name=\"twitter:card\" content=\"summary_large_image\" \/>\n<meta name=\"twitter:label1\" content=\"Dur\u00e9e de lecture estim\u00e9e\" \/>\n\t<meta name=\"twitter:data1\" content=\"2 minutes\" \/>\n<script type=\"application\/ld+json\" class=\"yoast-schema-graph\">{\"@context\":\"https:\/\/schema.org\",\"@graph\":[{\"@type\":\"WebPage\",\"@id\":\"https:\/\/orients-occidents-nexus.com\/fr\/support-us\/\",\"url\":\"https:\/\/orients-occidents-nexus.com\/fr\/support-us\/\",\"name\":\"Nous-soutenir - Orients Occidents Nexus\",\"isPartOf\":{\"@id\":\"https:\/\/orients-occidents-nexus.com\/#website\"},\"datePublished\":\"2017-11-11T21:34:57+00:00\",\"dateModified\":\"2018-04-18T09:55:54+00:00\",\"breadcrumb\":{\"@id\":\"https:\/\/orients-occidents-nexus.com\/fr\/support-us\/#breadcrumb\"},\"inLanguage\":\"fr-FR\",\"potentialAction\":[{\"@type\":\"ReadAction\",\"target\":[\"https:\/\/orients-occidents-nexus.com\/fr\/support-us\/\"]}]},{\"@type\":\"BreadcrumbList\",\"@id\":\"https:\/\/orients-occidents-nexus.com\/fr\/support-us\/#breadcrumb\",\"itemListElement\":[{\"@type\":\"ListItem\",\"position\":1,\"name\":\"Home\",\"item\":\"https:\/\/orients-occidents-nexus.com\/fr\/\"},{\"@type\":\"ListItem\",\"position\":2,\"name\":\"Nous-soutenir\"}]},{\"@type\":\"WebSite\",\"@id\":\"https:\/\/orients-occidents-nexus.com\/#website\",\"url\":\"https:\/\/orients-occidents-nexus.com\/\",\"name\":\"Orients Occidents Nexus\",\"description\":\"\",\"publisher\":{\"@id\":\"https:\/\/orients-occidents-nexus.com\/#organization\"},\"potentialAction\":[{\"@type\":\"SearchAction\",\"target\":{\"@type\":\"EntryPoint\",\"urlTemplate\":\"https:\/\/orients-occidents-nexus.com\/?s={search_term_string}\"},\"query-input\":\"required name=search_term_string\"}],\"inLanguage\":\"fr-FR\"},{\"@type\":\"Organization\",\"@id\":\"https:\/\/orients-occidents-nexus.com\/#organization\",\"name\":\"Orients Occidents Nexus gUG\",\"url\":\"https:\/\/orients-occidents-nexus.com\/\",\"logo\":{\"@type\":\"ImageObject\",\"inLanguage\":\"fr-FR\",\"@id\":\"https:\/\/orients-occidents-nexus.com\/#\/schema\/logo\/image\/\",\"url\":\"https:\/\/orients-occidents-nexus.com\/wp-content\/uploads\/2017\/11\/Logo-NEXUS_start_center.png\",\"contentUrl\":\"https:\/\/orients-occidents-nexus.com\/wp-content\/uploads\/2017\/11\/Logo-NEXUS_start_center.png\",\"width\":790,\"height\":478,\"caption\":\"Orients Occidents Nexus gUG\"},\"image\":{\"@id\":\"https:\/\/orients-occidents-nexus.com\/#\/schema\/logo\/image\/\"}}]}<\/script>\n<!-- \/ Yoast SEO plugin. -->","yoast_head_json":{"title":"Nous-soutenir - Orients Occidents Nexus","robots":{"index":"index","follow":"follow","max-snippet":"max-snippet:-1","max-image-preview":"max-image-preview:large","max-video-preview":"max-video-preview:-1"},"canonical":"https:\/\/orients-occidents-nexus.com\/fr\/support-us\/","og_locale":"fr_FR","og_type":"article","og_title":"Nous-soutenir - Orients Occidents Nexus","og_description":"Nous-soutenir En tant qu&rsquo;Institut culturel &agrave; but non lucratif ind&eacute;pendant, Orients Occidents Nexus s&rsquo;appuie sur diff&eacute;rentes sources de financement et il y a plusieurs fa&ccedil;on de nous soutenir, que vous pouvez choisir, afin de nous aider &agrave; assurer la r&eacute;alisation de notre programme et la continuit&eacute; de notre mission de favoriser un dialogue s&eacute;rieux entre [&hellip;]","og_url":"https:\/\/orients-occidents-nexus.com\/fr\/support-us\/","og_site_name":"Orients Occidents Nexus","article_modified_time":"2018-04-18T09:55:54+00:00","og_image":[{"url":"https:\/\/orients-occidents-nexus.com\/wp-content\/uploads\/2017\/11\/photo_corporate_web.png"}],"twitter_card":"summary_large_image","twitter_misc":{"Dur\u00e9e de lecture estim\u00e9e":"2 minutes"},"schema":{"@context":"https:\/\/schema.org","@graph":[{"@type":"WebPage","@id":"https:\/\/orients-occidents-nexus.com\/fr\/support-us\/","url":"https:\/\/orients-occidents-nexus.com\/fr\/support-us\/","name":"Nous-soutenir - Orients Occidents Nexus","isPartOf":{"@id":"https:\/\/orients-occidents-nexus.com\/#website"},"datePublished":"2017-11-11T21:34:57+00:00","dateModified":"2018-04-18T09:55:54+00:00","breadcrumb":{"@id":"https:\/\/orients-occidents-nexus.com\/fr\/support-us\/#breadcrumb"},"inLanguage":"fr-FR","potentialAction":[{"@type":"ReadAction","target":["https:\/\/orients-occidents-nexus.com\/fr\/support-us\/"]}]},{"@type":"BreadcrumbList","@id":"https:\/\/orients-occidents-nexus.com\/fr\/support-us\/#breadcrumb","itemListElement":[{"@type":"ListItem","position":1,"name":"Home","item":"https:\/\/orients-occidents-nexus.com\/fr\/"},{"@type":"ListItem","position":2,"name":"Nous-soutenir"}]},{"@type":"WebSite","@id":"https:\/\/orients-occidents-nexus.com\/#website","url":"https:\/\/orients-occidents-nexus.com\/","name":"Orients Occidents Nexus","description":"","publisher":{"@id":"https:\/\/orients-occidents-nexus.com\/#organization"},"potentialAction":[{"@type":"SearchAction","target":{"@type":"EntryPoint","urlTemplate":"https:\/\/orients-occidents-nexus.com\/?s={search_term_string}"},"query-input":"required name=search_term_string"}],"inLanguage":"fr-FR"},{"@type":"Organization","@id":"https:\/\/orients-occidents-nexus.com\/#organization","name":"Orients Occidents Nexus gUG","url":"https:\/\/orients-occidents-nexus.com\/","logo":{"@type":"ImageObject","inLanguage":"fr-FR","@id":"https:\/\/orients-occidents-nexus.com\/#\/schema\/logo\/image\/","url":"https:\/\/orients-occidents-nexus.com\/wp-content\/uploads\/2017\/11\/Logo-NEXUS_start_center.png","contentUrl":"https:\/\/orients-occidents-nexus.com\/wp-content\/uploads\/2017\/11\/Logo-NEXUS_start_center.png","width":790,"height":478,"caption":"Orients Occidents Nexus gUG"},"image":{"@id":"https:\/\/orients-occidents-nexus.com\/#\/schema\/logo\/image\/"}}]}},"_links":{"self":[{"href":"https:\/\/orients-occidents-nexus.com\/fr\/wp-json\/wp\/v2\/pages\/2303"}],"collection":[{"href":"https:\/\/orients-occidents-nexus.com\/fr\/wp-json\/wp\/v2\/pages"}],"about":[{"href":"https:\/\/orients-occidents-nexus.com\/fr\/wp-json\/wp\/v2\/types\/page"}],"author":[{"embeddable":true,"href":"https:\/\/orients-occidents-nexus.com\/fr\/wp-json\/wp\/v2\/users\/1"}],"replies":[{"embeddable":true,"href":"https:\/\/orients-occidents-nexus.com\/fr\/wp-json\/wp\/v2\/comments?post=2303"}],"version-history":[{"count":12,"href":"https:\/\/orients-occidents-nexus.com\/fr\/wp-json\/wp\/v2\/pages\/2303\/revisions"}],"predecessor-version":[{"id":2614,"href":"https:\/\/orients-occidents-nexus.com\/fr\/wp-json\/wp\/v2\/pages\/2303\/revisions\/2614"}],"wp:attachment":[{"href":"https:\/\/orients-occidents-nexus.com\/fr\/wp-json\/wp\/v2\/media?parent=2303"}],"curies":[{"name":"wp","href":"https:\/\/api.w.org\/{rel}","templated":true}]}}