{"id":2126,"date":"2017-11-13T20:39:50","date_gmt":"2017-11-13T20:39:50","guid":{"rendered":"https:\/\/orients-occidents-nexus.com\/events\/"},"modified":"2017-12-13T13:50:26","modified_gmt":"2017-12-13T13:50:26","slug":"events","status":"publish","type":"page","link":"https:\/\/orients-occidents-nexus.com\/fr\/events\/","title":{"rendered":"\u00c9v\u00e9nements"},"content":{"rendered":"<div class=\"mp-row-fluid motopress-row mpce-dsbl-margin-left mpce-dsbl-margin-right\">\n<div class=\"motopress-clmn mp-span12  mpce-dsbl-margin-left mpce-dsbl-margin-right\">\n<div class=\"mp-row-fluid motopress-row mpce-dsbl-margin-left mpce-dsbl-margin-right\">\n<div class=\"motopress-clmn mp-span12 mpce-dsbl-margin-left mpce-dsbl-margin-right\">\n<div class=\"motopress-text-obj\">\n<h2>\u00c9v\u00e9nements<\/h2>\n<\/div>\n<\/div>\n<\/div>\n<div class=\"mp-row-fluid motopress-row mpce-dsbl-margin-left mpce-dsbl-margin-right\">\n<div class=\"motopress-clmn mp-span12 mpce-dsbl-margin-left mpce-dsbl-margin-right\">\n<div class=\"motopress-text-obj\">\n<p>Actuellement, <em>Orients Occidents Nexus<\/em> pr&eacute;pare l&rsquo;&eacute;v&eacute;nement:<\/p>\n<p>&nbsp;<\/p>\n<p><strong>Le&nbsp;Sultan &amp; le&nbsp;Saint: <\/strong><\/p>\n<p><strong>Al-Malik Al-Kamil &amp; Fransisco d&rsquo;Assisi<\/strong><\/p>\n<p><strong>Egypte 1219 &ndash; Berlin 2019<\/strong><\/p>\n<\/div>\n<\/div>\n<\/div>\n<\/div>\n<\/div>\n<div class=\"mp-row-fluid motopress-row mpce-dsbl-margin-left mpce-dsbl-margin-right\">\n<div class=\"motopress-clmn mp-span12  mpce-dsbl-margin-left mpce-dsbl-margin-right\">\n<div class=\"mp-row-fluid motopress-row mpce-dsbl-margin-left mpce-dsbl-margin-right\">\n<div class=\"motopress-clmn mp-span6 mpce-dsbl-margin-left mpce-dsbl-margin-right\">\n<div class=\"motopress-image-obj motopress-text-align-left\"><img src=\"https:\/\/orients-occidents-nexus.com\/wp-content\/uploads\/2017\/11\/alkamil_Fransisco_event-808x1024.jpg\" title=\"alkamil_Fransisco_event\" alt=\"alkamil_Fransisco_event\" class=\"motopress-image-obj-basic mpce-dsbl-margin-left mpce-dsbl-margin-right mpce-dsbl-margin-top mpce-dsbl-margin-bottom\" \/><\/div>\n<\/div>\n<div class=\"motopress-clmn mp-span6 mpce-dsbl-margin-left mpce-dsbl-margin-right  motopress-empty mp-hidden-phone\">\n<\/div>\n<\/div>\n<div class=\"mp-row-fluid motopress-row mpce-dsbl-margin-left mpce-dsbl-margin-right\">\n<div class=\"motopress-clmn mp-span6 mpce-dsbl-margin-left mpce-dsbl-margin-right\">\n<div class=\"motopress-text-obj\">\n<address><em>Gustave Dor&eacute;, Francois d&rsquo;Assise devant Malek-Kamel, &ldquo;Histoire des croisades par Joseph-Francois Michaud, illustr&eacute;e de 100 grandes compositions par Gustave Dor&eacute;&rdquo;, Gravure&nbsp;50, p. 403, Furne, Jouvet et Cie &Eacute;diteurs, Paris 1877<\/em><\/address>\n<\/div>\n<\/div>\n<div class=\"motopress-clmn mp-span6 mpce-dsbl-margin-left mpce-dsbl-margin-right  motopress-empty mp-hidden-phone\">\n<\/div>\n<\/div>\n<\/div>\n<\/div>\n<div class=\"mp-row-fluid motopress-row mpce-dsbl-margin-left mpce-dsbl-margin-right\">\n<div class=\"motopress-clmn mp-span12  mpce-dsbl-margin-left mpce-dsbl-margin-right\">\n<div class=\"motopress-text-obj\">\n<p>Pour plus d&rsquo;information sur ce Projet <a href=\"https:\/\/orients-occidents-nexus.com\/fr\/works\/the-sultan-the-saint\/\"><strong>cliquez ici.<\/strong><\/a><\/p>\n<\/div>\n<\/div>\n<\/div>\n","protected":false},"excerpt":{"rendered":"\u00c9v\u00e9nements Actuellement, Orients Occidents Nexus pr&eacute;pare l&rsquo;&eacute;v&eacute;nement: &nbsp; Le&nbsp;Sultan &amp; le&nbsp;Saint: Al-Malik Al-Kamil &amp; Fransisco d&rsquo;Assisi Egypte 1219 &ndash; Berlin 2019 Gustave Dor&eacute;, Francois d&rsquo;Assise devant Malek-Kamel, &ldquo;Histoire des croisades par Joseph-Francois Michaud, illustr&eacute;e de 100 grandes compositions par Gustave Dor&eacute;&rdquo;, Gravure&nbsp;50, p. 403, Furne, Jouvet et Cie &Eacute;diteurs, Paris 1877 Pour plus d&rsquo;information sur [&hellip;]","protected":false},"author":2,"featured_media":0,"parent":0,"menu_order":1,"comment_status":"closed","ping_status":"closed","template":"","meta":[],"yoast_head":"<!-- This site is optimized with the Yoast SEO plugin v20.0 - https:\/\/yoast.com\/wordpress\/plugins\/seo\/ -->\n<title>\u00c9v\u00e9nements - Orients Occidents Nexus<\/title>\n<meta name=\"robots\" content=\"index, follow, max-snippet:-1, max-image-preview:large, max-video-preview:-1\" \/>\n<link rel=\"canonical\" href=\"https:\/\/orients-occidents-nexus.com\/fr\/events\/\" \/>\n<meta property=\"og:locale\" content=\"fr_FR\" \/>\n<meta property=\"og:type\" content=\"article\" \/>\n<meta property=\"og:title\" content=\"\u00c9v\u00e9nements - Orients Occidents Nexus\" \/>\n<meta property=\"og:description\" content=\"\u00c9v\u00e9nements Actuellement, Orients Occidents Nexus pr&eacute;pare l&rsquo;&eacute;v&eacute;nement: &nbsp; Le&nbsp;Sultan &amp; le&nbsp;Saint: Al-Malik Al-Kamil &amp; Fransisco d&rsquo;Assisi Egypte 1219 &ndash; Berlin 2019 Gustave Dor&eacute;, Francois d&rsquo;Assise devant Malek-Kamel, &ldquo;Histoire des croisades par Joseph-Francois Michaud, illustr&eacute;e de 100 grandes compositions par Gustave Dor&eacute;&rdquo;, Gravure&nbsp;50, p. 403, Furne, Jouvet et Cie &Eacute;diteurs, Paris 1877 Pour plus d&rsquo;information sur [&hellip;]\" \/>\n<meta property=\"og:url\" content=\"https:\/\/orients-occidents-nexus.com\/fr\/events\/\" \/>\n<meta property=\"og:site_name\" content=\"Orients Occidents Nexus\" \/>\n<meta property=\"article:modified_time\" content=\"2017-12-13T13:50:26+00:00\" \/>\n<meta property=\"og:image\" content=\"https:\/\/orients-occidents-nexus.com\/wp-content\/uploads\/2017\/11\/alkamil_Fransisco_event-808x1024.jpg\" \/>\n<meta name=\"twitter:card\" content=\"summary_large_image\" \/>\n<script type=\"application\/ld+json\" class=\"yoast-schema-graph\">{\"@context\":\"https:\/\/schema.org\",\"@graph\":[{\"@type\":\"WebPage\",\"@id\":\"https:\/\/orients-occidents-nexus.com\/fr\/events\/\",\"url\":\"https:\/\/orients-occidents-nexus.com\/fr\/events\/\",\"name\":\"\u00c9v\u00e9nements - Orients Occidents Nexus\",\"isPartOf\":{\"@id\":\"https:\/\/orients-occidents-nexus.com\/#website\"},\"datePublished\":\"2017-11-13T20:39:50+00:00\",\"dateModified\":\"2017-12-13T13:50:26+00:00\",\"breadcrumb\":{\"@id\":\"https:\/\/orients-occidents-nexus.com\/fr\/events\/#breadcrumb\"},\"inLanguage\":\"fr-FR\",\"potentialAction\":[{\"@type\":\"ReadAction\",\"target\":[\"https:\/\/orients-occidents-nexus.com\/fr\/events\/\"]}]},{\"@type\":\"BreadcrumbList\",\"@id\":\"https:\/\/orients-occidents-nexus.com\/fr\/events\/#breadcrumb\",\"itemListElement\":[{\"@type\":\"ListItem\",\"position\":1,\"name\":\"Home\",\"item\":\"https:\/\/orients-occidents-nexus.com\/fr\/\"},{\"@type\":\"ListItem\",\"position\":2,\"name\":\"\u00c9v\u00e9nements\"}]},{\"@type\":\"WebSite\",\"@id\":\"https:\/\/orients-occidents-nexus.com\/#website\",\"url\":\"https:\/\/orients-occidents-nexus.com\/\",\"name\":\"Orients Occidents Nexus\",\"description\":\"\",\"publisher\":{\"@id\":\"https:\/\/orients-occidents-nexus.com\/#organization\"},\"potentialAction\":[{\"@type\":\"SearchAction\",\"target\":{\"@type\":\"EntryPoint\",\"urlTemplate\":\"https:\/\/orients-occidents-nexus.com\/?s={search_term_string}\"},\"query-input\":\"required name=search_term_string\"}],\"inLanguage\":\"fr-FR\"},{\"@type\":\"Organization\",\"@id\":\"https:\/\/orients-occidents-nexus.com\/#organization\",\"name\":\"Orients Occidents Nexus gUG\",\"url\":\"https:\/\/orients-occidents-nexus.com\/\",\"logo\":{\"@type\":\"ImageObject\",\"inLanguage\":\"fr-FR\",\"@id\":\"https:\/\/orients-occidents-nexus.com\/#\/schema\/logo\/image\/\",\"url\":\"https:\/\/orients-occidents-nexus.com\/wp-content\/uploads\/2017\/11\/Logo-NEXUS_start_center.png\",\"contentUrl\":\"https:\/\/orients-occidents-nexus.com\/wp-content\/uploads\/2017\/11\/Logo-NEXUS_start_center.png\",\"width\":790,\"height\":478,\"caption\":\"Orients Occidents Nexus gUG\"},\"image\":{\"@id\":\"https:\/\/orients-occidents-nexus.com\/#\/schema\/logo\/image\/\"}}]}<\/script>\n<!-- \/ Yoast SEO plugin. -->","yoast_head_json":{"title":"\u00c9v\u00e9nements - Orients Occidents Nexus","robots":{"index":"index","follow":"follow","max-snippet":"max-snippet:-1","max-image-preview":"max-image-preview:large","max-video-preview":"max-video-preview:-1"},"canonical":"https:\/\/orients-occidents-nexus.com\/fr\/events\/","og_locale":"fr_FR","og_type":"article","og_title":"\u00c9v\u00e9nements - Orients Occidents Nexus","og_description":"\u00c9v\u00e9nements Actuellement, Orients Occidents Nexus pr&eacute;pare l&rsquo;&eacute;v&eacute;nement: &nbsp; Le&nbsp;Sultan &amp; le&nbsp;Saint: Al-Malik Al-Kamil &amp; Fransisco d&rsquo;Assisi Egypte 1219 &ndash; Berlin 2019 Gustave Dor&eacute;, Francois d&rsquo;Assise devant Malek-Kamel, &ldquo;Histoire des croisades par Joseph-Francois Michaud, illustr&eacute;e de 100 grandes compositions par Gustave Dor&eacute;&rdquo;, Gravure&nbsp;50, p. 403, Furne, Jouvet et Cie &Eacute;diteurs, Paris 1877 Pour plus d&rsquo;information sur [&hellip;]","og_url":"https:\/\/orients-occidents-nexus.com\/fr\/events\/","og_site_name":"Orients Occidents Nexus","article_modified_time":"2017-12-13T13:50:26+00:00","og_image":[{"url":"https:\/\/orients-occidents-nexus.com\/wp-content\/uploads\/2017\/11\/alkamil_Fransisco_event-808x1024.jpg"}],"twitter_card":"summary_large_image","schema":{"@context":"https:\/\/schema.org","@graph":[{"@type":"WebPage","@id":"https:\/\/orients-occidents-nexus.com\/fr\/events\/","url":"https:\/\/orients-occidents-nexus.com\/fr\/events\/","name":"\u00c9v\u00e9nements - Orients Occidents Nexus","isPartOf":{"@id":"https:\/\/orients-occidents-nexus.com\/#website"},"datePublished":"2017-11-13T20:39:50+00:00","dateModified":"2017-12-13T13:50:26+00:00","breadcrumb":{"@id":"https:\/\/orients-occidents-nexus.com\/fr\/events\/#breadcrumb"},"inLanguage":"fr-FR","potentialAction":[{"@type":"ReadAction","target":["https:\/\/orients-occidents-nexus.com\/fr\/events\/"]}]},{"@type":"BreadcrumbList","@id":"https:\/\/orients-occidents-nexus.com\/fr\/events\/#breadcrumb","itemListElement":[{"@type":"ListItem","position":1,"name":"Home","item":"https:\/\/orients-occidents-nexus.com\/fr\/"},{"@type":"ListItem","position":2,"name":"\u00c9v\u00e9nements"}]},{"@type":"WebSite","@id":"https:\/\/orients-occidents-nexus.com\/#website","url":"https:\/\/orients-occidents-nexus.com\/","name":"Orients Occidents Nexus","description":"","publisher":{"@id":"https:\/\/orients-occidents-nexus.com\/#organization"},"potentialAction":[{"@type":"SearchAction","target":{"@type":"EntryPoint","urlTemplate":"https:\/\/orients-occidents-nexus.com\/?s={search_term_string}"},"query-input":"required name=search_term_string"}],"inLanguage":"fr-FR"},{"@type":"Organization","@id":"https:\/\/orients-occidents-nexus.com\/#organization","name":"Orients Occidents Nexus gUG","url":"https:\/\/orients-occidents-nexus.com\/","logo":{"@type":"ImageObject","inLanguage":"fr-FR","@id":"https:\/\/orients-occidents-nexus.com\/#\/schema\/logo\/image\/","url":"https:\/\/orients-occidents-nexus.com\/wp-content\/uploads\/2017\/11\/Logo-NEXUS_start_center.png","contentUrl":"https:\/\/orients-occidents-nexus.com\/wp-content\/uploads\/2017\/11\/Logo-NEXUS_start_center.png","width":790,"height":478,"caption":"Orients Occidents Nexus gUG"},"image":{"@id":"https:\/\/orients-occidents-nexus.com\/#\/schema\/logo\/image\/"}}]}},"_links":{"self":[{"href":"https:\/\/orients-occidents-nexus.com\/fr\/wp-json\/wp\/v2\/pages\/2126"}],"collection":[{"href":"https:\/\/orients-occidents-nexus.com\/fr\/wp-json\/wp\/v2\/pages"}],"about":[{"href":"https:\/\/orients-occidents-nexus.com\/fr\/wp-json\/wp\/v2\/types\/page"}],"author":[{"embeddable":true,"href":"https:\/\/orients-occidents-nexus.com\/fr\/wp-json\/wp\/v2\/users\/2"}],"replies":[{"embeddable":true,"href":"https:\/\/orients-occidents-nexus.com\/fr\/wp-json\/wp\/v2\/comments?post=2126"}],"version-history":[{"count":4,"href":"https:\/\/orients-occidents-nexus.com\/fr\/wp-json\/wp\/v2\/pages\/2126\/revisions"}],"predecessor-version":[{"id":2474,"href":"https:\/\/orients-occidents-nexus.com\/fr\/wp-json\/wp\/v2\/pages\/2126\/revisions\/2474"}],"wp:attachment":[{"href":"https:\/\/orients-occidents-nexus.com\/fr\/wp-json\/wp\/v2\/media?parent=2126"}],"curies":[{"name":"wp","href":"https:\/\/api.w.org\/{rel}","templated":true}]}}