{"id":1956,"date":"2017-11-11T22:14:13","date_gmt":"2017-11-11T22:14:13","guid":{"rendered":"https:\/\/orients-occidents-nexus.com\/?page_id=1956"},"modified":"2018-04-18T09:50:55","modified_gmt":"2018-04-18T09:50:55","slug":"imprint","status":"publish","type":"page","link":"https:\/\/orients-occidents-nexus.com\/en\/imprint\/","title":{"rendered":"Impressum"},"content":{"rendered":"<div class=\"mp-row-fluid motopress-row mpce-dsbl-margin-left mpce-dsbl-margin-right\">\n<div class=\"motopress-clmn mp-span12  mpce-dsbl-margin-left mpce-dsbl-margin-right\">\n<h1>Impressum<\/h1>\n<h2>Angaben gem\u00e4\u00df \u00a7 5 TMG<\/h2>\n<p>Orients Occidents Nexus\u00a0gUG<br \/>\nSchlo\u00dfstra\u00dfe 59,\u00a014059 Berlin<\/p>\n<h2>Vertreten durch<\/h2>\n<p>Siham\u00a0Issami<\/p>\n<h2>Kontakt<\/h2>\n<p>Telefon: +49 (0) 30 679 455 36 \/\u00a0+49 (0) 30 640 785 23<br \/>\nE-Mail: info@orients-occidents-nexus.com<\/p>\n<h2>Umsatzsteuer<\/h2>\n<p>Umsatzsteuer-Identifikationsnummer gem\u00e4\u00df\u00a0\u00a727 a Umsatzsteuergesetz:<br \/>\nin Bearbeitung<\/p>\n<h2>Verantwortlich f\u00fcr den Inhalt nach \u00a7 55\u00a0Abs. 2 RStV<\/h2>\n<p>Siham Issami<\/p>\n<h2>Streitschlichtung<\/h2>\n<p>Wir sind nicht bereit oder\u00a0verpflichtet, an Streitbeilegungsverfahren vor einer Verbraucherschlichtungsstelle teilzunehmen.<\/p>\n<h2>Haftung f\u00fcr Inhalte<\/h2>\n<p>Als Diensteanbieter sind wir gem\u00e4\u00df \u00a7 7 Abs.1 TMG\u00a0f\u00fcr eigene Inhalte auf diesen Seiten nach den allgemeinen Gesetzen verantwortlich. Nach\u00a0\u00a7\u00a7 8 bis 10 TMG sind wir als Diensteanbieter jedoch nicht verpflichtet, \u00fcbermittelte oder\u00a0gespeicherte fremde Informationen zu \u00fcberwachen oder nach Umst\u00e4nden zu forschen, die auf\u00a0eine rechtswidrige T\u00e4tigkeit hinweisen.<\/p>\n<p>Verpflichtungen zur Entfernung oder Sperrung der\u00a0Nutzung von Informationen nach den allgemeinen Gesetzen bleiben hiervon unber\u00fchrt. Eine\u00a0diesbez\u00fcgliche Haftung ist jedoch erst ab dem Zeitpunkt der Kenntnis einer konkreten\u00a0Rechtsverletzung m\u00f6glich. Bei Bekanntwerden von entsprechenden Rechtsverletzungen werden wir\u00a0diese Inhalte umgehend entfernen.<\/p>\n<h2>Haftung f\u00fcr Links<\/h2>\n<p>Unser Angebot\u00a0enth\u00e4lt Links zu externen Webseiten Dritter, auf deren Inhalte wir keinen Einfluss haben. Deshalb\u00a0k\u00f6nnen wir f\u00fcr diese fremden Inhalte auch keine Gew\u00e4hr \u00fcbernehmen. F\u00fcr\u00a0die Inhalte der verlinkten Seiten ist stets der jeweilige Anbieter oder Betreiber der Seiten verantwortlich.\u00a0Die verlinkten Seiten wurden zum Zeitpunkt der Verlinkung auf m\u00f6gliche Rechtsverst\u00f6\u00dfe\u00a0\u00fcberpr\u00fcft. Rechtswidrige Inhalte waren zum Zeitpunkt der Verlinkung nicht erkennbar.<\/p>\n<p>Eine permanente inhaltliche Kontrolle der verlinkten Seiten ist jedoch ohne konkrete Anhaltspunkte einer\u00a0Rechtsverletzung nicht zumutbar. Bei Bekanntwerden von Rechtsverletzungen werden wir derartige Links\u00a0umgehend entfernen.<\/p>\n<h2>Urheberrecht<\/h2>\n<p>Die durch die Seitenbetreiber erstellten Inhalte und\u00a0Werke auf diesen Seiten unterliegen dem deutschen Urheberrecht. Die Vervielf\u00e4ltigung,\u00a0Bearbeitung, Verbreitung und jede Art der Verwertung au\u00dferhalb der Grenzen des Urheberrechtes\u00a0bed\u00fcrfen der schriftlichen Zustimmung des jeweiligen Autors bzw. Erstellers. Downloads und Kopien\u00a0dieser Seite sind nur f\u00fcr den privaten, nicht kommerziellen Gebrauch gestattet.<\/p>\n<p>Soweit die\u00a0Inhalte auf dieser Seite nicht vom Betreiber erstellt wurden, werden die Urheberrechte Dritter beachtet.\u00a0Insbesondere werden Inhalte Dritter als solche gekennzeichnet. Sollten Sie trotzdem auf eine\u00a0Urheberrechtsverletzung aufmerksam werden, bitten wir um einen entsprechenden Hinweis. Bei\u00a0Bekanntwerden von Rechtsverletzungen werden wir derartige Inhalte umgehend entfernen.<\/p>\n<h2>Webdesign\/Programmierung<\/h2>\n<p>agreement werbeagentur GmbH<br \/>\nAlt-Moabit 62, 10555 Berlin<br \/>\n<a href=\"mailto:info@agreement-berlin.de\">info@agreement-berlin.de<\/a><br \/>\n<a href=\"http:\/\/www.agreement-berlin.de\" target=\"_blank\" rel=\"noopener\">agreement-berlin.de<\/a><\/p>\n<h2>Fotos<\/h2>\n<p>Wikipedia<\/p>\n<p>&nbsp;<\/p>\n<h1>Datenschutzerkl\u00e4rung<\/h1>\n<h2>Datenschutz<\/h2>\n<p>Die Betreiber dieser Seiten nehmen\u00a0den Schutz Ihrer pers\u00f6nlichen Daten sehr ernst. Wir behandeln Ihre personenbezogenen Daten<br \/>\nvertraulich und entsprechend der gesetzlichen Datenschutzvorschriften sowie dieser\u00a0Datenschutzerkl\u00e4rung.<\/p>\n<p>Die Nutzung unserer Webseite ist in der Regel ohne Angabe\u00a0personenbezogener Daten m\u00f6glich. Soweit auf unseren Seiten personenbezogene Daten<br \/>\n(beispielsweise Name, Anschrift oder E-Mail-Adressen) erhoben werden, erfolgt dies, soweit\u00a0m\u00f6glich, stets auf freiwilliger Basis. Diese Daten werden ohne Ihre ausdr\u00fcckliche Zustimmung\u00a0nicht an Dritte weitergegeben.<\/p>\n<p>Wir weisen darauf hin, dass die Daten\u00fcbertragung im Internet\u00a0(z.B. bei der Kommunikation per E-Mail) Sicherheitsl\u00fccken aufweisen kann. Ein l\u00fcckenloser\u00a0Schutz der Daten vor dem Zugriff durch Dritte ist nicht m\u00f6glich.<\/p>\n<h2>Cookies<\/h2>\n<p>Die Internetseiten verwenden teilweise so genannte Cookies. Cookies richten auf Ihrem\u00a0Rechner keinen Schaden an und enthalten keine Viren. Cookies dienen dazu, unser Angebot\u00a0nutzerfreundlicher, effektiver und sicherer zu machen. Cookies sind kleine Textdateien, die auf Ihrem<br \/>\nRechner abgelegt werden und die Ihr Browser speichert.<\/p>\n<p>Die meisten der von uns verwendeten\u00a0Cookies sind so genannte \u201eSession-Cookies\u201c. Sie werden nach Ende Ihres Besuchs automatisch\u00a0gel\u00f6scht. Andere Cookies bleiben auf Ihrem Endger\u00e4t gespeichert, bis Sie diese l\u00f6schen.\u00a0Diese Cookies erm\u00f6glichen es uns, Ihren Browser beim n\u00e4chsten Besuch\u00a0wiederzuerkennen.<\/p>\n<p>Sie k\u00f6nnen Ihren Browser so einstellen, dass Sie \u00fcber das Setzen\u00a0von Cookies informiert werden und Cookies nur im Einzelfall erlauben, die Annahme von Cookies f\u00fcr\u00a0bestimmte F\u00e4lle oder generell ausschlie\u00dfen sowie das automatische L\u00f6schen der\u00a0Cookies beim Schlie\u00dfen des Browser aktivieren. Bei der Deaktivierung von Cookies kann die\u00a0Funktionalit\u00e4t dieser Website eingeschr\u00e4nkt sein.<\/p>\n<h2>Server-Log-Files<\/h2>\n<p>Der Provider der Seiten erhebt und speichert automatisch Informationen in so genannten\u00a0Server-Log Files, die Ihr Browser automatisch an uns \u00fcbermittelt. Dies sind:<\/p>\n<ul>\n<li>Browsertyp und Browserversion<\/li>\n<li>verwendetes Betriebssystem<\/li>\n<li>Referrer URL<\/li>\n<li>Hostname des zugreifenden Rechners<\/li>\n<li>Uhrzeit der Serveranfrage<\/li>\n<\/ul>\n<p>Diese Daten sind\u00a0nicht bestimmten Personen zuordenbar. Eine Zusammenf\u00fchrung dieser Daten mit anderen\u00a0Datenquellen wird nicht vorgenommen. Wir behalten uns vor, diese Daten nachtr\u00e4glich zu\u00a0pr\u00fcfen, wenn uns konkrete Anhaltspunkte f\u00fcr eine rechtswidrige Nutzung bekannt werden.<\/p>\n<p>&nbsp;<\/p>\n<p>Quelle: <a href=\"https:\/\/www.e-recht24.de\">eRecht24<\/a><\/p>\n<\/div>\n<\/div>\n","protected":false},"excerpt":{"rendered":"Impressum Angaben gem\u00e4\u00df \u00a7 5 TMG Orients Occidents Nexus\u00a0gUG Schlo\u00dfstra\u00dfe 59,\u00a014059 Berlin Vertreten durch Siham\u00a0Issami Kontakt Telefon: +49 (0) 30 679 455 36 \/\u00a0+49 (0) 30 640 785 23 E-Mail: info@orients-occidents-nexus.com Umsatzsteuer Umsatzsteuer-Identifikationsnummer gem\u00e4\u00df\u00a0\u00a727 a Umsatzsteuergesetz: in Bearbeitung Verantwortlich f\u00fcr den Inhalt nach \u00a7 55\u00a0Abs. 2 RStV Siham Issami Streitschlichtung Wir sind nicht bereit oder\u00a0verpflichtet, [&hellip;]","protected":false},"author":2,"featured_media":0,"parent":0,"menu_order":7,"comment_status":"closed","ping_status":"closed","template":"","meta":[],"yoast_head":"<!-- This site is optimized with the Yoast SEO plugin v20.0 - https:\/\/yoast.com\/wordpress\/plugins\/seo\/ -->\n<title>Impressum - Orients Occidents Nexus<\/title>\n<meta name=\"robots\" content=\"index, follow, max-snippet:-1, max-image-preview:large, max-video-preview:-1\" \/>\n<link rel=\"canonical\" href=\"https:\/\/orients-occidents-nexus.com\/en\/imprint\/\" \/>\n<meta property=\"og:locale\" content=\"en_US\" \/>\n<meta property=\"og:type\" content=\"article\" \/>\n<meta property=\"og:title\" content=\"Impressum - Orients Occidents Nexus\" \/>\n<meta property=\"og:description\" content=\"Impressum Angaben gem\u00e4\u00df \u00a7 5 TMG Orients Occidents Nexus\u00a0gUG Schlo\u00dfstra\u00dfe 59,\u00a014059 Berlin Vertreten durch Siham\u00a0Issami Kontakt Telefon: +49 (0) 30 679 455 36 \/\u00a0+49 (0) 30 640 785 23 E-Mail: info@orients-occidents-nexus.com Umsatzsteuer Umsatzsteuer-Identifikationsnummer gem\u00e4\u00df\u00a0\u00a727 a Umsatzsteuergesetz: in Bearbeitung Verantwortlich f\u00fcr den Inhalt nach \u00a7 55\u00a0Abs. 2 RStV Siham Issami Streitschlichtung Wir sind nicht bereit oder\u00a0verpflichtet, [&hellip;]\" \/>\n<meta property=\"og:url\" content=\"https:\/\/orients-occidents-nexus.com\/en\/imprint\/\" \/>\n<meta property=\"og:site_name\" content=\"Orients Occidents Nexus\" \/>\n<meta property=\"article:modified_time\" content=\"2018-04-18T09:50:55+00:00\" \/>\n<meta name=\"twitter:card\" content=\"summary_large_image\" \/>\n<meta name=\"twitter:label1\" content=\"Est. reading time\" \/>\n\t<meta name=\"twitter:data1\" content=\"4 minutes\" \/>\n<script type=\"application\/ld+json\" class=\"yoast-schema-graph\">{\"@context\":\"https:\/\/schema.org\",\"@graph\":[{\"@type\":\"WebPage\",\"@id\":\"https:\/\/orients-occidents-nexus.com\/en\/imprint\/\",\"url\":\"https:\/\/orients-occidents-nexus.com\/en\/imprint\/\",\"name\":\"Impressum - Orients Occidents Nexus\",\"isPartOf\":{\"@id\":\"https:\/\/orients-occidents-nexus.com\/#website\"},\"datePublished\":\"2017-11-11T22:14:13+00:00\",\"dateModified\":\"2018-04-18T09:50:55+00:00\",\"breadcrumb\":{\"@id\":\"https:\/\/orients-occidents-nexus.com\/en\/imprint\/#breadcrumb\"},\"inLanguage\":\"en-US\",\"potentialAction\":[{\"@type\":\"ReadAction\",\"target\":[\"https:\/\/orients-occidents-nexus.com\/en\/imprint\/\"]}]},{\"@type\":\"BreadcrumbList\",\"@id\":\"https:\/\/orients-occidents-nexus.com\/en\/imprint\/#breadcrumb\",\"itemListElement\":[{\"@type\":\"ListItem\",\"position\":1,\"name\":\"Home\",\"item\":\"https:\/\/orients-occidents-nexus.com\/en\/\"},{\"@type\":\"ListItem\",\"position\":2,\"name\":\"Impressum\"}]},{\"@type\":\"WebSite\",\"@id\":\"https:\/\/orients-occidents-nexus.com\/#website\",\"url\":\"https:\/\/orients-occidents-nexus.com\/\",\"name\":\"Orients Occidents Nexus\",\"description\":\"\",\"publisher\":{\"@id\":\"https:\/\/orients-occidents-nexus.com\/#organization\"},\"potentialAction\":[{\"@type\":\"SearchAction\",\"target\":{\"@type\":\"EntryPoint\",\"urlTemplate\":\"https:\/\/orients-occidents-nexus.com\/?s={search_term_string}\"},\"query-input\":\"required name=search_term_string\"}],\"inLanguage\":\"en-US\"},{\"@type\":\"Organization\",\"@id\":\"https:\/\/orients-occidents-nexus.com\/#organization\",\"name\":\"Orients Occidents Nexus gUG\",\"url\":\"https:\/\/orients-occidents-nexus.com\/\",\"logo\":{\"@type\":\"ImageObject\",\"inLanguage\":\"en-US\",\"@id\":\"https:\/\/orients-occidents-nexus.com\/#\/schema\/logo\/image\/\",\"url\":\"https:\/\/orients-occidents-nexus.com\/wp-content\/uploads\/2017\/11\/Logo-NEXUS_start_center.png\",\"contentUrl\":\"https:\/\/orients-occidents-nexus.com\/wp-content\/uploads\/2017\/11\/Logo-NEXUS_start_center.png\",\"width\":790,\"height\":478,\"caption\":\"Orients Occidents Nexus gUG\"},\"image\":{\"@id\":\"https:\/\/orients-occidents-nexus.com\/#\/schema\/logo\/image\/\"}}]}<\/script>\n<!-- \/ Yoast SEO plugin. -->","yoast_head_json":{"title":"Impressum - Orients Occidents Nexus","robots":{"index":"index","follow":"follow","max-snippet":"max-snippet:-1","max-image-preview":"max-image-preview:large","max-video-preview":"max-video-preview:-1"},"canonical":"https:\/\/orients-occidents-nexus.com\/en\/imprint\/","og_locale":"en_US","og_type":"article","og_title":"Impressum - Orients Occidents Nexus","og_description":"Impressum Angaben gem\u00e4\u00df \u00a7 5 TMG Orients Occidents Nexus\u00a0gUG Schlo\u00dfstra\u00dfe 59,\u00a014059 Berlin Vertreten durch Siham\u00a0Issami Kontakt Telefon: +49 (0) 30 679 455 36 \/\u00a0+49 (0) 30 640 785 23 E-Mail: info@orients-occidents-nexus.com Umsatzsteuer Umsatzsteuer-Identifikationsnummer gem\u00e4\u00df\u00a0\u00a727 a Umsatzsteuergesetz: in Bearbeitung Verantwortlich f\u00fcr den Inhalt nach \u00a7 55\u00a0Abs. 2 RStV Siham Issami Streitschlichtung Wir sind nicht bereit oder\u00a0verpflichtet, [&hellip;]","og_url":"https:\/\/orients-occidents-nexus.com\/en\/imprint\/","og_site_name":"Orients Occidents Nexus","article_modified_time":"2018-04-18T09:50:55+00:00","twitter_card":"summary_large_image","twitter_misc":{"Est. reading time":"4 minutes"},"schema":{"@context":"https:\/\/schema.org","@graph":[{"@type":"WebPage","@id":"https:\/\/orients-occidents-nexus.com\/en\/imprint\/","url":"https:\/\/orients-occidents-nexus.com\/en\/imprint\/","name":"Impressum - Orients Occidents Nexus","isPartOf":{"@id":"https:\/\/orients-occidents-nexus.com\/#website"},"datePublished":"2017-11-11T22:14:13+00:00","dateModified":"2018-04-18T09:50:55+00:00","breadcrumb":{"@id":"https:\/\/orients-occidents-nexus.com\/en\/imprint\/#breadcrumb"},"inLanguage":"en-US","potentialAction":[{"@type":"ReadAction","target":["https:\/\/orients-occidents-nexus.com\/en\/imprint\/"]}]},{"@type":"BreadcrumbList","@id":"https:\/\/orients-occidents-nexus.com\/en\/imprint\/#breadcrumb","itemListElement":[{"@type":"ListItem","position":1,"name":"Home","item":"https:\/\/orients-occidents-nexus.com\/en\/"},{"@type":"ListItem","position":2,"name":"Impressum"}]},{"@type":"WebSite","@id":"https:\/\/orients-occidents-nexus.com\/#website","url":"https:\/\/orients-occidents-nexus.com\/","name":"Orients Occidents Nexus","description":"","publisher":{"@id":"https:\/\/orients-occidents-nexus.com\/#organization"},"potentialAction":[{"@type":"SearchAction","target":{"@type":"EntryPoint","urlTemplate":"https:\/\/orients-occidents-nexus.com\/?s={search_term_string}"},"query-input":"required name=search_term_string"}],"inLanguage":"en-US"},{"@type":"Organization","@id":"https:\/\/orients-occidents-nexus.com\/#organization","name":"Orients Occidents Nexus gUG","url":"https:\/\/orients-occidents-nexus.com\/","logo":{"@type":"ImageObject","inLanguage":"en-US","@id":"https:\/\/orients-occidents-nexus.com\/#\/schema\/logo\/image\/","url":"https:\/\/orients-occidents-nexus.com\/wp-content\/uploads\/2017\/11\/Logo-NEXUS_start_center.png","contentUrl":"https:\/\/orients-occidents-nexus.com\/wp-content\/uploads\/2017\/11\/Logo-NEXUS_start_center.png","width":790,"height":478,"caption":"Orients Occidents Nexus gUG"},"image":{"@id":"https:\/\/orients-occidents-nexus.com\/#\/schema\/logo\/image\/"}}]}},"_links":{"self":[{"href":"https:\/\/orients-occidents-nexus.com\/en\/wp-json\/wp\/v2\/pages\/1956"}],"collection":[{"href":"https:\/\/orients-occidents-nexus.com\/en\/wp-json\/wp\/v2\/pages"}],"about":[{"href":"https:\/\/orients-occidents-nexus.com\/en\/wp-json\/wp\/v2\/types\/page"}],"author":[{"embeddable":true,"href":"https:\/\/orients-occidents-nexus.com\/en\/wp-json\/wp\/v2\/users\/2"}],"replies":[{"embeddable":true,"href":"https:\/\/orients-occidents-nexus.com\/en\/wp-json\/wp\/v2\/comments?post=1956"}],"version-history":[{"count":15,"href":"https:\/\/orients-occidents-nexus.com\/en\/wp-json\/wp\/v2\/pages\/1956\/revisions"}],"predecessor-version":[{"id":2611,"href":"https:\/\/orients-occidents-nexus.com\/en\/wp-json\/wp\/v2\/pages\/1956\/revisions\/2611"}],"wp:attachment":[{"href":"https:\/\/orients-occidents-nexus.com\/en\/wp-json\/wp\/v2\/media?parent=1956"}],"curies":[{"name":"wp","href":"https:\/\/api.w.org\/{rel}","templated":true}]}}